{"id":126,"date":"2021-08-30T18:33:22","date_gmt":"2021-08-30T16:33:22","guid":{"rendered":"http:\/\/www.kiep-it-real.de\/?page_id=126"},"modified":"2021-09-05T21:59:52","modified_gmt":"2021-09-05T19:59:52","slug":"bestaetigung-anmeldung","status":"publish","type":"page","link":"https:\/\/www.kiep-it-real.de\/hs\/bestaetigung-anmeldung\/","title":{"rendered":"Anmeldung best\u00e4tigen"},"content":{"rendered":"\n<div class=\"wp-block-media-text alignfull is-stacked-on-mobile is-vertically-aligned-center\" style=\"grid-template-columns:25% auto\"><figure class=\"wp-block-media-text__media\"><img loading=\"lazy\" decoding=\"async\" width=\"683\" height=\"1024\" src=\"http:\/\/www.kiep-it-real.de\/wp-content\/uploads\/2021\/09\/LABA_Kiep_it_real_79-683x1024.jpg\" alt=\"\" class=\"wp-image-471 size-full\" srcset=\"https:\/\/www.kiep-it-real.de\/wp-content\/uploads\/2021\/09\/LABA_Kiep_it_real_79-683x1024.jpg 683w, https:\/\/www.kiep-it-real.de\/wp-content\/uploads\/2021\/09\/LABA_Kiep_it_real_79-200x300.jpg 200w, https:\/\/www.kiep-it-real.de\/wp-content\/uploads\/2021\/09\/LABA_Kiep_it_real_79-768x1151.jpg 768w, https:\/\/www.kiep-it-real.de\/wp-content\/uploads\/2021\/09\/LABA_Kiep_it_real_79-830x1244.jpg 830w, https:\/\/www.kiep-it-real.de\/wp-content\/uploads\/2021\/09\/LABA_Kiep_it_real_79-230x345.jpg 230w, https:\/\/www.kiep-it-real.de\/wp-content\/uploads\/2021\/09\/LABA_Kiep_it_real_79-350x525.jpg 350w, https:\/\/www.kiep-it-real.de\/wp-content\/uploads\/2021\/09\/LABA_Kiep_it_real_79-480x720.jpg 480w, https:\/\/www.kiep-it-real.de\/wp-content\/uploads\/2021\/09\/LABA_Kiep_it_real_79.jpg 1000w\" sizes=\"auto, (max-width: 683px) 100vw, 683px\" \/><\/figure><div class=\"wp-block-media-text__content\">\n<p class=\"has-text-align-left has-large-font-size\">Vielen Dank f\u00fcr Dein Interesse.<\/p>\n\n\n\n<p class=\"has-text-align-left has-large-font-size\">Wir haben Dir eine e-Mail geschickt. Bitte best\u00e4tige Deine Anmeldung f\u00fcr den KIEP IT REAL Newsletter \u00fcber den Best\u00e4tigungslink.  <\/p>\n<\/div><\/div>\n\n\n\n<p><\/p>\n","protected":false},"excerpt":{"rendered":"<p>Vielen Dank f\u00fcr Dein Interesse. Wir haben Dir eine e-Mail geschickt. Bitte best\u00e4tige Deine Anmeldung f\u00fcr den KIEP IT REAL Newsletter \u00fcber [&hellip;]<\/p>\n","protected":false},"author":1,"featured_media":0,"parent":0,"menu_order":0,"comment_status":"closed","ping_status":"closed","template":"","meta":{"footnotes":""},"class_list":["post-126","page","type-page","status-publish","hentry"],"translation":{"provider":"WPGlobus","version":"3.0.0","language":"hs","enabled_languages":["de","hs"],"languages":{"de":{"title":true,"content":true,"excerpt":false},"hs":{"title":false,"content":false,"excerpt":false}}},"_links":{"self":[{"href":"https:\/\/www.kiep-it-real.de\/hs\/wp-json\/wp\/v2\/pages\/126","targetHints":{"allow":["GET"]}}],"collection":[{"href":"https:\/\/www.kiep-it-real.de\/hs\/wp-json\/wp\/v2\/pages"}],"about":[{"href":"https:\/\/www.kiep-it-real.de\/hs\/wp-json\/wp\/v2\/types\/page"}],"author":[{"embeddable":true,"href":"https:\/\/www.kiep-it-real.de\/hs\/wp-json\/wp\/v2\/users\/1"}],"replies":[{"embeddable":true,"href":"https:\/\/www.kiep-it-real.de\/hs\/wp-json\/wp\/v2\/comments?post=126"}],"version-history":[{"count":11,"href":"https:\/\/www.kiep-it-real.de\/hs\/wp-json\/wp\/v2\/pages\/126\/revisions"}],"predecessor-version":[{"id":532,"href":"https:\/\/www.kiep-it-real.de\/hs\/wp-json\/wp\/v2\/pages\/126\/revisions\/532"}],"wp:attachment":[{"href":"https:\/\/www.kiep-it-real.de\/hs\/wp-json\/wp\/v2\/media?parent=126"}],"curies":[{"name":"wp","href":"https:\/\/api.w.org\/{rel}","templated":true}]}}