{"id":73,"date":"2021-08-28T19:30:22","date_gmt":"2021-08-28T17:30:22","guid":{"rendered":"http:\/\/www.kiep-it-real.de\/?page_id=73"},"modified":"2021-10-26T10:23:32","modified_gmt":"2021-10-26T08:23:32","slug":"impressum-datenschutz","status":"publish","type":"page","link":"https:\/\/www.kiep-it-real.de\/hs\/impressum-datenschutz\/","title":{"rendered":"Impressum &#038; Datenschutz"},"content":{"rendered":"\n<h4 class=\"wp-block-heading\">Impressum<\/h4>\n\n\n\n<p>LABA<br>Inh.: Gerhard Zschau<br>Dr.-Kahlbaum-Allee 27<br>02826 G\u00f6rlitz<\/p>\n\n\n\nlaba@laba.de<br>\n\n\n\n<p>info@kiep-it-real.de<\/p>\n\n\n\n<hr class=\"wp-block-separator is-style-dots\"\/>\n\n\n\n<h4 class=\"wp-block-heading\">Datenschutz<\/h4>\n\n\n\n<p>Mit dem Besuch von kiep-it-real.de werden&nbsp;<a rel=\"noreferrer noopener\" href=\"https:\/\/de.wikipedia.org\/wiki\/Personenbezogene_Daten\" target=\"_blank\">personenbezogene Daten<\/a>&nbsp;erhoben und (je nach gesetzlichen Aufbewahrungsfristen f\u00fcr eine bestimmte Dauer) gespeichert. <\/p>\n\n\n\n<p>Nachfolgend wird beschrieben, welche Arten von Daten dies in den konkreten F\u00e4llen sind:<\/p>\n\n\n\n<p><strong>Nutzung der Seite<\/strong><\/p>\n\n\n\n<p>Der Besuch auf der Seite kiep-it-real.de wird vom Analyse-Tool&nbsp;<a rel=\"noreferrer noopener\" href=\"https:\/\/de.wikipedia.org\/wiki\/Matomo\" target=\"_blank\">Matomo<\/a>&nbsp;\u00fcberwacht. Hierbei werden Cookies in Ihrem Browser abgelegt. <\/p>\n\n\n\n<p><code>[matomo_opt_out]<\/code><\/p>\n\n\n\n<p>Der Nutzung der Daten kann \u00fcberdies widersprochen werden indem Sie in Ihrem Browser die \u201eDo Not Track\u201c-Funktion aktivieren (im&nbsp;<a rel=\"noreferrer noopener\" href=\"https:\/\/support.mozilla.org\/de\/kb\/wie-verhindere-ich-dass-websites-mich-verfolgen\" target=\"_blank\">Firefox<\/a>, im&nbsp;<a rel=\"noreferrer noopener\" href=\"https:\/\/support.microsoft.com\/de-de\/help\/17288\/windows-internet-explorer-11-use-do-not-track\" target=\"_blank\">Internet Explorer<\/a>, im&nbsp;<a rel=\"noreferrer noopener\" href=\"https:\/\/support.google.com\/chrome\/answer\/2790761?co=GENIE.Platform%3DDesktop&amp;hl=de\" target=\"_blank\">Chrome<\/a>, im&nbsp;<a rel=\"noreferrer noopener\" href=\"http:\/\/help.opera.com\/Windows\/12.10\/de\/notrack.html\" target=\"_blank\">Opera<\/a>).<\/p>\n\n\n\n<p><strong>Newsletter<\/strong><\/p>\n\n\n\n<p>Mit der Anmeldung zum Newsletter werden folgende Daten erhoben:<\/p>\n\n\n\n<p>Vorname; Nachname; E-Mailadresse<\/p>\n\n\n\n<p>Diese Daten nutzen wir ausschlie\u00dflich zum Versenden von Newslettern. Sie k\u00f6nnen der Nutzung der Daten zum Zweck der werblichen Nutzung jederzeit widersprechen.<\/p>\n\n\n\n<p>Alle an kiep-it-real.de \u00fcbermittelten personenbezogenen Daten werden verschl\u00fcsselt \u00fcbertragen und nicht an Dritte weitergegeben.<\/p>\n\n\n\n<p>Sollten Sie Fragen zur Datenverarbeitung haben, wenden Sie sich bitte an laba@laba.de.<\/p>\n\n\n\n<p>(Stand: 25. Oktober 2021)<\/p>\n","protected":false},"excerpt":{"rendered":"<p>Impressum LABAInh.: Gerhard ZschauDr.-Kahlbaum-Allee 2702826 G\u00f6rlitz laba@laba.de info@kiep-it-real.de Datenschutz Mit dem Besuch von kiep-it-real.de werden&nbsp;personenbezogene Daten&nbsp;erhoben und (je nach gesetzlichen Aufbewahrungsfristen f\u00fcr [&hellip;]<\/p>\n","protected":false},"author":1,"featured_media":0,"parent":0,"menu_order":0,"comment_status":"closed","ping_status":"closed","template":"","meta":{"footnotes":""},"class_list":["post-73","page","type-page","status-publish","hentry"],"translation":{"provider":"WPGlobus","version":"3.0.0","language":"hs","enabled_languages":["de","hs"],"languages":{"de":{"title":true,"content":true,"excerpt":false},"hs":{"title":false,"content":false,"excerpt":false}}},"_links":{"self":[{"href":"https:\/\/www.kiep-it-real.de\/hs\/wp-json\/wp\/v2\/pages\/73","targetHints":{"allow":["GET"]}}],"collection":[{"href":"https:\/\/www.kiep-it-real.de\/hs\/wp-json\/wp\/v2\/pages"}],"about":[{"href":"https:\/\/www.kiep-it-real.de\/hs\/wp-json\/wp\/v2\/types\/page"}],"author":[{"embeddable":true,"href":"https:\/\/www.kiep-it-real.de\/hs\/wp-json\/wp\/v2\/users\/1"}],"replies":[{"embeddable":true,"href":"https:\/\/www.kiep-it-real.de\/hs\/wp-json\/wp\/v2\/comments?post=73"}],"version-history":[{"count":11,"href":"https:\/\/www.kiep-it-real.de\/hs\/wp-json\/wp\/v2\/pages\/73\/revisions"}],"predecessor-version":[{"id":785,"href":"https:\/\/www.kiep-it-real.de\/hs\/wp-json\/wp\/v2\/pages\/73\/revisions\/785"}],"wp:attachment":[{"href":"https:\/\/www.kiep-it-real.de\/hs\/wp-json\/wp\/v2\/media?parent=73"}],"curies":[{"name":"wp","href":"https:\/\/api.w.org\/{rel}","templated":true}]}}